{"id":78,"date":"2018-01-22T19:03:50","date_gmt":"2018-01-22T19:03:50","guid":{"rendered":"http:\/\/www.executor-oltenia.ro\/?page_id=78"},"modified":"2020-06-26T13:37:22","modified_gmt":"2020-06-26T11:37:22","slug":"cine-plateste-cheltuielile-de-executare","status":"publish","type":"page","link":"https:\/\/www.executor-oltenia.ro\/?page_id=78","title":{"rendered":"Cine plateste cheltuielile de executare"},"content":{"rendered":"<p>Partea care solicit\u0103 \u00eendeplinirea unui act sau a altei activit\u0103\u0163i care intereseaz\u0103 executarea silit\u0103 este obligat\u0103 s\u0103<br \/>\navanseze cheltuielile necesare \u00een acest scop. Pentru actele sau activit\u0103\u0163ile dispuse din oficiu, cheltuielile se avanseaz\u0103 de<br \/>\nc\u0103tre creditor.<br \/>\nCheltuielile ocazionate de efectuarea execut\u0103rii silite sunt \u00een sarcina debitorului urm\u0103rit, \u00een afar\u0103 de cazul c\u00e2nd<br \/>\ncreditorul a renun\u0163at la executare, situa\u0163ie \u00een care vor fi suportate de acesta, sau dac\u0103 prin lege se prevede altfel. De<br \/>\nasemenea, debitorul va fi \u0163inut s\u0103 suporte cheltuielile de executare stabilite sau, dup\u0103 caz, efectuate dup\u0103 \u00eenregistrarea<br \/>\ncererii de executare \u015fi p\u00e2n\u0103 la data realiz\u0103rii obliga\u0163iei stabilite \u00een titlul executoriu, chiar dac\u0103 el a f\u0103cut plata \u00een mod<br \/>\nvoluntar. Cu toate acestea, \u00een cazul \u00een care debitorul, somat potrivit art. 668, a executat obliga\u0163ia de \u00eendat\u0103 sau \u00een<br \/>\ntermenul acordat de lege, el nu va fi \u0163inut s\u0103 suporte dec\u00e2t cheltuielile pentru actele de executare efectiv \u00eendeplinite,<br \/>\nprecum \u015fi onorariul executorului judec\u0103toresc \u015fi, dac\u0103 este cazul, al avocatului creditorului, propor\u0163ional cu activitatea<br \/>\ndepus\u0103 de ace\u015ftia.<\/p>\n","protected":false},"excerpt":{"rendered":"<p>Partea care solicit\u0103 \u00eendeplinirea unui act sau a altei activit\u0103\u0163i care intereseaz\u0103 executarea silit\u0103 este obligat\u0103 s\u0103 avanseze cheltuielile necesare \u00een acest scop. Pentru actele sau activit\u0103\u0163ile dispuse din oficiu, cheltuielile se avanseaz\u0103 de c\u0103tre creditor. Cheltuielile ocazionate de efectuarea execut\u0103rii silite sunt \u00een sarcina debitorului urm\u0103rit, \u00een afar\u0103 de cazul c\u00e2nd creditorul a renun\u0163at [&hellip;]<\/p>\n","protected":false},"author":1,"featured_media":90,"parent":0,"menu_order":0,"comment_status":"closed","ping_status":"closed","template":"page-full.php","meta":[],"_links":{"self":[{"href":"https:\/\/www.executor-oltenia.ro\/index.php?rest_route=\/wp\/v2\/pages\/78"}],"collection":[{"href":"https:\/\/www.executor-oltenia.ro\/index.php?rest_route=\/wp\/v2\/pages"}],"about":[{"href":"https:\/\/www.executor-oltenia.ro\/index.php?rest_route=\/wp\/v2\/types\/page"}],"author":[{"embeddable":true,"href":"https:\/\/www.executor-oltenia.ro\/index.php?rest_route=\/wp\/v2\/users\/1"}],"replies":[{"embeddable":true,"href":"https:\/\/www.executor-oltenia.ro\/index.php?rest_route=%2Fwp%2Fv2%2Fcomments&post=78"}],"version-history":[{"count":7,"href":"https:\/\/www.executor-oltenia.ro\/index.php?rest_route=\/wp\/v2\/pages\/78\/revisions"}],"predecessor-version":[{"id":383,"href":"https:\/\/www.executor-oltenia.ro\/index.php?rest_route=\/wp\/v2\/pages\/78\/revisions\/383"}],"wp:featuredmedia":[{"embeddable":true,"href":"https:\/\/www.executor-oltenia.ro\/index.php?rest_route=\/wp\/v2\/media\/90"}],"wp:attachment":[{"href":"https:\/\/www.executor-oltenia.ro\/index.php?rest_route=%2Fwp%2Fv2%2Fmedia&parent=78"}],"curies":[{"name":"wp","href":"https:\/\/api.w.org\/{rel}","templated":true}]}}