{"id":47,"date":"2018-01-22T18:46:58","date_gmt":"2018-01-22T18:46:58","guid":{"rendered":"http:\/\/www.executor-oltenia.ro\/?page_id=47"},"modified":"2026-03-18T09:38:40","modified_gmt":"2026-03-18T07:38:40","slug":"publicatii-de-vanzare-bunuri-imobile","status":"publish","type":"page","link":"https:\/\/www.executor-oltenia.ro\/?page_id=47","title":{"rendered":"Publicatii de vanzare bunuri IMOBILE"},"content":{"rendered":"<p>Puteti accesa publicatiile de vanzare bunuri MOBILE de aici:\u00a0<a class=\"maxbutton-8 maxbutton maxbutton-publicatii-bunuri-mobile\" href=\"http:\/\/www.executor-oltenia.ro\/?page_id=45\"><span class='mb-text'>PUBLICATII BUNURI MOBILE<\/span><\/a><\/p>\n<p>Model cerere participare la licitatie:\u00a0<a href=\"http:\/\/www.executor-oltenia.ro\/wp-content\/uploads\/2020\/07\/cerere-participare-licitatie-BUNURI-IMOBILE.pdf\">cerere participare licitatie BUNURI IMOBILE<\/a><\/p>\n<p>Va prezentam in continuare lista de publicatii de vanzare pentru bunuri imobile in curs de desfasurare<\/p>\n<p><strong>1<\/strong><strong>. Data licitatiei: ziua 20, luna 04, anul 2026, ora 11:00; DOSAR EXECUTARE 39\/E\/2017<\/strong><br \/>\nLocul licitatiei: Filiasi, Bld. Racoteanu, bl. i5, sc. B, et. 1, ap. 2, jud. Dolj, la sediul B.E.J. TANASIE NELUTU<br \/>\nBunuri scoase la licitatie:<\/p>\n<p>&#8211; <strong>teren intravilan si constructii C1-s.c. 653 mp, C2-501mp, C3-147mp, C4-37mp, situat \u00een Maglavit, sat Hunia, Str Tudor Arghezi, Nr. 78, T 102, P 1, Dolj, \u00een suprafa\u021b\u0103 de 4467, av\u00e2nd num\u0103r cadastral\/topografic 41667, \u00eenscris \u00een cartea funciar\u0103 num\u0103rul 41667 a localit\u0103\u021bii Maglavit, Dolj, descris prin procesul verbal de situa\u021bie din data de 15.05.2024: teren intravilan si constructii C1-s.c. 653 mp, C2-501mp, C3-147mp, C4-37mp av\u00e2nd num\u0103r cadastral\/topografic 41667, \u00eenscris \u00een cartea funciar\u0103 num\u0103rul 41667 a localit\u0103\u021bii Maglavit, Dolj<\/strong>; pretul de incepere a licitatiei\u00a0 este de <strong>356.440,00<\/strong><strong>\u00a0Lei \u0219i reprezint\u0103 50,00% din pre\u021bul de pornire al primei licita\u021bii<\/strong>.<\/p>\n<p>Pentru a afla toate detaliile puteti vizualiza publicatia completa &#8211; <a href=\"http:\/\/www.executor-oltenia.ro\/wp-content\/uploads\/2026\/03\/PUBLICATIE-T3-39E2017_.pdf\">PUBLICATIE T3 39E2017_<\/a><\/p>\n","protected":false},"excerpt":{"rendered":"<p>Puteti accesa publicatiile de vanzare bunuri MOBILE de aici:\u00a0 Model cerere participare la licitatie:\u00a0cerere participare licitatie BUNURI IMOBILE Va prezentam in continuare lista de publicatii de vanzare pentru bunuri imobile in curs de desfasurare 1. Data licitatiei: ziua 20, luna 04, anul 2026, ora 11:00; DOSAR EXECUTARE 39\/E\/2017 Locul licitatiei: Filiasi, Bld. Racoteanu, bl. i5, [&hellip;]<\/p>\n","protected":false},"author":1,"featured_media":0,"parent":43,"menu_order":52,"comment_status":"closed","ping_status":"closed","template":"page-full.php","meta":[],"_links":{"self":[{"href":"https:\/\/www.executor-oltenia.ro\/index.php?rest_route=\/wp\/v2\/pages\/47"}],"collection":[{"href":"https:\/\/www.executor-oltenia.ro\/index.php?rest_route=\/wp\/v2\/pages"}],"about":[{"href":"https:\/\/www.executor-oltenia.ro\/index.php?rest_route=\/wp\/v2\/types\/page"}],"author":[{"embeddable":true,"href":"https:\/\/www.executor-oltenia.ro\/index.php?rest_route=\/wp\/v2\/users\/1"}],"replies":[{"embeddable":true,"href":"https:\/\/www.executor-oltenia.ro\/index.php?rest_route=%2Fwp%2Fv2%2Fcomments&post=47"}],"version-history":[{"count":64,"href":"https:\/\/www.executor-oltenia.ro\/index.php?rest_route=\/wp\/v2\/pages\/47\/revisions"}],"predecessor-version":[{"id":592,"href":"https:\/\/www.executor-oltenia.ro\/index.php?rest_route=\/wp\/v2\/pages\/47\/revisions\/592"}],"up":[{"embeddable":true,"href":"https:\/\/www.executor-oltenia.ro\/index.php?rest_route=\/wp\/v2\/pages\/43"}],"wp:attachment":[{"href":"https:\/\/www.executor-oltenia.ro\/index.php?rest_route=%2Fwp%2Fv2%2Fmedia&parent=47"}],"curies":[{"name":"wp","href":"https:\/\/api.w.org\/{rel}","templated":true}]}}