{"id":30,"date":"2018-01-22T18:40:59","date_gmt":"2018-01-22T18:40:59","guid":{"rendered":"http:\/\/www.executor-oltenia.ro\/?page_id=30"},"modified":"2018-05-23T12:35:39","modified_gmt":"2018-05-23T10:35:39","slug":"despre-executarea-silita","status":"publish","type":"page","link":"https:\/\/www.executor-oltenia.ro\/?page_id=30","title":{"rendered":"Despre executarea silita"},"content":{"rendered":"<p>Executarea silit\u0103 a dispozi\u0163iilor cu caracter civil din titlurile executorii se efectueaz\u0103 de c\u0103tre executorii judec\u0103tore\u015fti, dac\u0103 legea nu prevede altfel.<\/p>\n<p>Actul \u00eendeplinit de executorul judec\u0103toresc, \u00een limitele competen\u0163elor legale, purt\u00e2nd \u015ftampila \u015fi semn\u0103tura acestuia, precum \u015fi num\u0103rul de \u00eenregistrare \u015fi data, este act de autoritate public\u0103 \u015fi are for\u0163a probant\u0103 prev\u0103zut\u0103 de lege.<\/p>\n<p>La cererea executorului judec\u0103toresc cei care datoreaz\u0103 sume de bani debitorului urm\u0103rit ori de\u0163in alte bunuri ale acestuia, supuse urm\u0103ririi potrivit legii, au obliga\u0163ia s\u0103 dea informa\u0163iile necesare pentru efectuarea execut\u0103rii silite.<\/p>\n<p>Debitorul este obligat, s\u0103 declare, la cererea executorului, toate bunurile sale, mobile \u015fi imobile, inclusiv cele aflate \u00een proprietate comun\u0103 pe cote-p\u0103r\u0163i sau \u00een dev\u0103lm\u0103\u015fie, cu ar\u0103tarea locului \u00een care acestea se afl\u0103, precum \u015fi toate veniturile sale, curente sau periodice.<\/p>\n<p>Executorul judec\u0103toresc este obligat s\u0103 p\u0103streze secretul informa\u0163iilor primite, cu excep\u0163ia cazurilor prev\u0103zute de lege. Executorul judecatoresc are urmatoarele atributii:<\/p>\n<ol>\n<li>a) punerea \u00een executare a dispozi\u0163iilor cu caracter civil din titlurile executorii;<\/li>\n<li>b) notificarea actelor judiciare \u015fi extrajudiciare;<\/li>\n<li>c) comunicarea actelor de procedur\u0103;<\/li>\n<li>d) recuperarea pe cale amiabil\u0103 a oric\u0103rei crean\u0163e;<\/li>\n<li>e) aplicarea m\u0103surilor asigur\u0103torii dispuse de instan\u0163a judec\u0103toreasc\u0103;<\/li>\n<li>f) constatarea unor st\u0103ri de fapt \u00een condi\u0163iile prev\u0103zute de Codul de procedur\u0103 civil\u0103;<\/li>\n<li>g) \u00eentocmirea proceselor-verbale de constatare, \u00een cazul ofertei reale urmate de consemnarea sumei de c\u0103tre debitor, potrivit dispozi\u0163iilor Codului de procedur\u0103 civil\u0103;<\/li>\n<li>h) \u00eentocmirea, potrivit legii, a protestului de neplat\u0103 a cambiilor, biletelor la ordin \u015fi a cecurilor, dup\u0103 caz;<\/li>\n<li>i) orice alte acte sau opera\u0163iuni date de lege \u00een competen\u0163a lui.<\/li>\n<\/ol>\n<p>Executorii judec\u0103tore\u015fti \u00ee\u015fi \u00eendeplinesc atribu\u0163iile \u00een circumscrip\u0163ia cur\u0163ii de apel pe l\u00e2ng\u0103 care func\u0163ioneaz\u0103, dac\u0103 prin lege nu se dispune altfel.<\/p>\n<p>Dreptul de a cere executarea silit\u0103 se prescrie \u00een termen de 3 ani, dac\u0103 legea nu prevede altfel. \u00cen cazul titlurilor emise \u00een materia ac\u0163iunilor reale imobiliare, termenul de prescrip\u0163ie este de 10 ani.<\/p>\n<p>Termenul de prescrip\u0163ie \u00eencepe s\u0103 curg\u0103 de la data c\u00e2nd se na\u015fte dreptul de a cere executarea silit\u0103.<\/p>\n<p>Prin \u00eemplinirea termenului de prescrip\u0163ie orice titlu executoriu \u00ee\u015fi pierde puterea executorie.<\/p>\n","protected":false},"excerpt":{"rendered":"<p>Executarea silit\u0103 a dispozi\u0163iilor cu caracter civil din titlurile executorii se efectueaz\u0103 de c\u0103tre executorii judec\u0103tore\u015fti, dac\u0103 legea nu prevede altfel. Actul \u00eendeplinit de executorul judec\u0103toresc, \u00een limitele competen\u0163elor legale, purt\u00e2nd \u015ftampila \u015fi semn\u0103tura acestuia, precum \u015fi num\u0103rul de \u00eenregistrare \u015fi data, este act de autoritate public\u0103 \u015fi are for\u0163a probant\u0103 prev\u0103zut\u0103 de lege. La [&hellip;]<\/p>\n","protected":false},"author":1,"featured_media":0,"parent":28,"menu_order":31,"comment_status":"closed","ping_status":"closed","template":"page-full.php","meta":[],"_links":{"self":[{"href":"https:\/\/www.executor-oltenia.ro\/index.php?rest_route=\/wp\/v2\/pages\/30"}],"collection":[{"href":"https:\/\/www.executor-oltenia.ro\/index.php?rest_route=\/wp\/v2\/pages"}],"about":[{"href":"https:\/\/www.executor-oltenia.ro\/index.php?rest_route=\/wp\/v2\/types\/page"}],"author":[{"embeddable":true,"href":"https:\/\/www.executor-oltenia.ro\/index.php?rest_route=\/wp\/v2\/users\/1"}],"replies":[{"embeddable":true,"href":"https:\/\/www.executor-oltenia.ro\/index.php?rest_route=%2Fwp%2Fv2%2Fcomments&post=30"}],"version-history":[{"count":3,"href":"https:\/\/www.executor-oltenia.ro\/index.php?rest_route=\/wp\/v2\/pages\/30\/revisions"}],"predecessor-version":[{"id":386,"href":"https:\/\/www.executor-oltenia.ro\/index.php?rest_route=\/wp\/v2\/pages\/30\/revisions\/386"}],"up":[{"embeddable":true,"href":"https:\/\/www.executor-oltenia.ro\/index.php?rest_route=\/wp\/v2\/pages\/28"}],"wp:attachment":[{"href":"https:\/\/www.executor-oltenia.ro\/index.php?rest_route=%2Fwp%2Fv2%2Fmedia&parent=30"}],"curies":[{"name":"wp","href":"https:\/\/api.w.org\/{rel}","templated":true}]}}